{"id":1706,"date":"2019-09-25T22:49:12","date_gmt":"2019-09-25T22:49:12","guid":{"rendered":"https:\/\/www.sertez.com.tr\/tur\/?page_id=1706"},"modified":"2019-11-22T19:14:56","modified_gmt":"2019-11-22T19:14:56","slug":"haberler","status":"publish","type":"page","link":"https:\/\/www.sertez.com.tr\/tr\/haberler\/","title":{"rendered":"Haberler"},"content":{"rendered":"\t\t<div data-elementor-type=\"wp-page\" data-elementor-id=\"1706\" class=\"elementor elementor-1706\" data-elementor-settings=\"[]\">\n\t\t\t\t\t\t<div class=\"elementor-inner\">\n\t\t\t\t\t\t\t<div class=\"elementor-section-wrap\">\n\t\t\t\t\t\t\t<section class=\"elementor-section elementor-top-section elementor-element elementor-element-6f057ee9 elementor-section-stretched elementor-section-boxed elementor-section-height-default elementor-section-height-default\" data-id=\"6f057ee9\" data-element_type=\"section\" data-settings=\"{&quot;stretch_section&quot;:&quot;section-stretched&quot;,&quot;background_background&quot;:&quot;gradient&quot;}\">\n\t\t\t\t\t\t<div class=\"elementor-container elementor-column-gap-default\">\n\t\t\t\t\t\t\t<div class=\"elementor-row\">\n\t\t\t\t\t<div class=\"elementor-column elementor-col-100 elementor-top-column elementor-element elementor-element-422af73f\" data-id=\"422af73f\" data-element_type=\"column\">\n\t\t\t<div class=\"elementor-column-wrap elementor-element-populated\">\n\t\t\t\t\t\t\t<div class=\"elementor-widget-wrap\">\n\t\t\t\t\t\t<div class=\"elementor-element elementor-element-2e4616ba elementor-widget elementor-widget-heading\" data-id=\"2e4616ba\" data-element_type=\"widget\" data-widget_type=\"heading.default\">\n\t\t\t\t<div class=\"elementor-widget-container\">\n\t\t\t<h2 class=\"elementor-heading-title elementor-size-default\">HABERLER<\/h2>\t\t<\/div>\n\t\t\t\t<\/div>\n\t\t\t\t<div class=\"elementor-element elementor-element-537a337e elementor-widget elementor-widget-heading\" data-id=\"537a337e\" data-element_type=\"widget\" data-widget_type=\"heading.default\">\n\t\t\t\t<div class=\"elementor-widget-container\">\n\t\t\t<h2 class=\"elementor-heading-title elementor-size-default\">En Son Haber & Duyurular<\/h2>\t\t<\/div>\n\t\t\t\t<\/div>\n\t\t\t\t<section class=\"elementor-section elementor-inner-section elementor-element elementor-element-12f6aacc elementor-section-boxed elementor-section-height-default elementor-section-height-default\" data-id=\"12f6aacc\" data-element_type=\"section\">\n\t\t\t\t\t\t<div class=\"elementor-container elementor-column-gap-no\">\n\t\t\t\t\t\t\t<div class=\"elementor-row\">\n\t\t\t\t\t<div class=\"elementor-column elementor-col-33 elementor-inner-column elementor-element elementor-element-a0538eb\" data-id=\"a0538eb\" data-element_type=\"column\" data-settings=\"{&quot;background_background&quot;:&quot;classic&quot;}\">\n\t\t\t<div class=\"elementor-column-wrap elementor-element-populated\">\n\t\t\t\t\t<div class=\"elementor-background-overlay\"><\/div>\n\t\t\t\t\t\t\t<div class=\"elementor-widget-wrap\">\n\t\t\t\t\t\t<div class=\"elementor-element elementor-element-bf09fb9 elementor-widget elementor-widget-image\" data-id=\"bf09fb9\" data-element_type=\"widget\" data-widget_type=\"image.default\">\n\t\t\t\t<div class=\"elementor-widget-container\">\n\t\t\t\t\t<div class=\"elementor-image\">\n\t\t\t\t\t\t\t\t\t\t\t<a href=\"https:\/\/www.sertez.com.tr\/tr\/haberler\/beautyistanbul-19\/\">\n\t\t\t\t\t\t\t<img loading=\"lazy\" decoding=\"async\" width=\"1253\" height=\"1067\" src=\"https:\/\/www.sertez.com.tr\/tr\/wp-content\/uploads\/sites\/8\/2019\/09\/beauty-istanbul.jpg\" class=\"attachment-full size-full\" alt=\"\" srcset=\"https:\/\/www.sertez.com.tr\/tr\/wp-content\/uploads\/sites\/8\/2019\/09\/beauty-istanbul.jpg 1253w, https:\/\/www.sertez.com.tr\/tr\/wp-content\/uploads\/sites\/8\/2019\/09\/beauty-istanbul-300x255.jpg 300w, https:\/\/www.sertez.com.tr\/tr\/wp-content\/uploads\/sites\/8\/2019\/09\/beauty-istanbul-768x654.jpg 768w, https:\/\/www.sertez.com.tr\/tr\/wp-content\/uploads\/sites\/8\/2019\/09\/beauty-istanbul-1024x872.jpg 1024w\" sizes=\"(max-width: 1253px) 100vw, 1253px\" \/>\t\t\t\t\t\t\t\t<\/a>\n\t\t\t\t\t\t\t\t\t\t\t<\/div>\n\t\t\t\t<\/div>\n\t\t\t\t<\/div>\n\t\t\t\t<div class=\"elementor-element elementor-element-cdcfc7a elementor-widget elementor-widget-heading\" data-id=\"cdcfc7a\" data-element_type=\"widget\" data-widget_type=\"heading.default\">\n\t\t\t\t<div class=\"elementor-widget-container\">\n\t\t\t<h2 class=\"elementor-heading-title elementor-size-default\">Beauty\u0130stanbul '19 <\/h2>\t\t<\/div>\n\t\t\t\t<\/div>\n\t\t\t\t<div class=\"elementor-element elementor-element-f377c50 elementor-widget elementor-widget-text-editor\" data-id=\"f377c50\" data-element_type=\"widget\" data-widget_type=\"text-editor.default\">\n\t\t\t\t<div class=\"elementor-widget-container\">\n\t\t\t\t\t<div class=\"elementor-text-editor elementor-clearfix\"><div class=\"dlab-post-text\"><p>Sertez Kimya hepsi bir arada konseptiyle d\u00fczenlenen Beauty\u0130stanbul\u2019da yerini ald\u0131!<br \/>Geli\u015ftirilmi\u015f portf\u00f6y\u00fcm\u00fcz ile bizi 1h210 numaral\u0131 stand\u0131m\u0131zda ziyaret eden t\u00fcm misafirlerimize te\u015fekk\u00fcr ederiz.<\/p><\/div><\/div>\n\t\t\t\t<\/div>\n\t\t\t\t<\/div>\n\t\t\t\t<div class=\"elementor-element elementor-element-eceea9a elementor-align-center elementor-widget elementor-widget-button\" data-id=\"eceea9a\" data-element_type=\"widget\" data-widget_type=\"button.default\">\n\t\t\t\t<div class=\"elementor-widget-container\">\n\t\t\t\t\t<div class=\"elementor-button-wrapper\">\n\t\t\t<a href=\"https:\/\/www.sertez.com.tr\/tr\/haberler\/beautyistanbul-19\/\" class=\"elementor-button-link elementor-button elementor-size-sm\" role=\"button\">\n\t\t\t\t\t\t<span class=\"elementor-button-content-wrapper\">\n\t\t\t\t\t\t<span class=\"elementor-button-text\">Tamam\u0131n\u0131 Oku<\/span>\n\t\t<\/span>\n\t\t\t\t\t<\/a>\n\t\t<\/div>\n\t\t\t\t<\/div>\n\t\t\t\t<\/div>\n\t\t\t\t\t\t<\/div>\n\t\t\t\t\t<\/div>\n\t\t<\/div>\n\t\t\t\t<div class=\"elementor-column elementor-col-33 elementor-inner-column elementor-element elementor-element-5ec219a8\" data-id=\"5ec219a8\" data-element_type=\"column\" data-settings=\"{&quot;background_background&quot;:&quot;classic&quot;}\">\n\t\t\t<div class=\"elementor-column-wrap elementor-element-populated\">\n\t\t\t\t\t<div class=\"elementor-background-overlay\"><\/div>\n\t\t\t\t\t\t\t<div class=\"elementor-widget-wrap\">\n\t\t\t\t\t\t<div class=\"elementor-element elementor-element-a5555ef elementor-widget elementor-widget-image\" data-id=\"a5555ef\" data-element_type=\"widget\" data-widget_type=\"image.default\">\n\t\t\t\t<div class=\"elementor-widget-container\">\n\t\t\t\t\t<div class=\"elementor-image\">\n\t\t\t\t\t\t\t\t\t\t\t<a href=\"https:\/\/www.sertez.com.tr\/tr\/haberler\/arabhealth-19\/\">\n\t\t\t\t\t\t\t<img loading=\"lazy\" decoding=\"async\" width=\"600\" height=\"440\" src=\"https:\/\/www.sertez.com.tr\/tr\/wp-content\/uploads\/sites\/8\/2019\/09\/xxxxxxxx.jpg\" class=\"attachment-full size-full\" alt=\"\" srcset=\"https:\/\/www.sertez.com.tr\/tr\/wp-content\/uploads\/sites\/8\/2019\/09\/xxxxxxxx.jpg 600w, https:\/\/www.sertez.com.tr\/tr\/wp-content\/uploads\/sites\/8\/2019\/09\/xxxxxxxx-300x220.jpg 300w\" sizes=\"(max-width: 600px) 100vw, 600px\" \/>\t\t\t\t\t\t\t\t<\/a>\n\t\t\t\t\t\t\t\t\t\t\t<\/div>\n\t\t\t\t<\/div>\n\t\t\t\t<\/div>\n\t\t\t\t<div class=\"elementor-element elementor-element-4f2a3312 elementor-widget elementor-widget-heading\" data-id=\"4f2a3312\" data-element_type=\"widget\" data-widget_type=\"heading.default\">\n\t\t\t\t<div class=\"elementor-widget-container\">\n\t\t\t<h2 class=\"elementor-heading-title elementor-size-default\">ArabHealth \u201919<\/h2>\t\t<\/div>\n\t\t\t\t<\/div>\n\t\t\t\t<div class=\"elementor-element elementor-element-78ebff5 elementor-widget elementor-widget-text-editor\" data-id=\"78ebff5\" data-element_type=\"widget\" data-widget_type=\"text-editor.default\">\n\t\t\t\t<div class=\"elementor-widget-container\">\n\t\t\t\t\t<div class=\"elementor-text-editor elementor-clearfix\"><div class=\"elementor-element elementor-element-78ac417 elementor-widget elementor-widget-text-editor\" data-id=\"78ac417\" data-element_type=\"widget\" data-widget_type=\"text-editor.default\"><div class=\"elementor-widget-container\"><div class=\"elementor-text-editor elementor-clearfix\"><p>2018 ArabHealth Organizasyonu\u2019ndaki Uluslararas\u0131 Kat\u0131l\u0131mc\u0131lardan biri olarak, ArabHealth 19\u2019da geni\u015fletilmi\u015f ve geli\u015ftirilmi\u015f portf\u00f6y\u00fcm\u00fcz\u00fc tekrar sergiliyoruz.<\/p><\/div><\/div><\/div><\/div>\n\t\t\t\t<\/div>\n\t\t\t\t<\/div>\n\t\t\t\t<div class=\"elementor-element elementor-element-3c9a81ba elementor-align-center elementor-widget elementor-widget-button\" data-id=\"3c9a81ba\" data-element_type=\"widget\" data-widget_type=\"button.default\">\n\t\t\t\t<div class=\"elementor-widget-container\">\n\t\t\t\t\t<div class=\"elementor-button-wrapper\">\n\t\t\t<a href=\"https:\/\/www.sertez.com.tr\/tr\/haberler\/arabhealth-19\/\" class=\"elementor-button-link elementor-button elementor-size-sm\" role=\"button\">\n\t\t\t\t\t\t<span class=\"elementor-button-content-wrapper\">\n\t\t\t\t\t\t<span class=\"elementor-button-text\">Read All<\/span>\n\t\t<\/span>\n\t\t\t\t\t<\/a>\n\t\t<\/div>\n\t\t\t\t<\/div>\n\t\t\t\t<\/div>\n\t\t\t\t\t\t<\/div>\n\t\t\t\t\t<\/div>\n\t\t<\/div>\n\t\t\t\t<div class=\"elementor-column elementor-col-33 elementor-inner-column elementor-element elementor-element-e8e6c34\" data-id=\"e8e6c34\" data-element_type=\"column\" data-settings=\"{&quot;background_background&quot;:&quot;classic&quot;}\">\n\t\t\t<div class=\"elementor-column-wrap elementor-element-populated\">\n\t\t\t\t\t<div class=\"elementor-background-overlay\"><\/div>\n\t\t\t\t\t\t\t<div class=\"elementor-widget-wrap\">\n\t\t\t\t\t\t<div class=\"elementor-element elementor-element-9621c15 elementor-widget elementor-widget-image\" data-id=\"9621c15\" data-element_type=\"widget\" data-widget_type=\"image.default\">\n\t\t\t\t<div class=\"elementor-widget-container\">\n\t\t\t\t\t<div class=\"elementor-image\">\n\t\t\t\t\t\t\t\t\t\t\t<a href=\"https:\/\/www.sertez.com.tr\/tr\/haberler\/yeni-urun-duyurusu\/\">\n\t\t\t\t\t\t\t<img loading=\"lazy\" decoding=\"async\" width=\"600\" height=\"413\" src=\"https:\/\/www.sertez.com.tr\/tr\/wp-content\/uploads\/sites\/8\/2019\/09\/news-2-B\u0130OM\u0130R-NASAL-WASH-K\u00fc\u00e7\u00fck.png\" class=\"attachment-full size-full\" alt=\"\" srcset=\"https:\/\/www.sertez.com.tr\/tr\/wp-content\/uploads\/sites\/8\/2019\/09\/news-2-B\u0130OM\u0130R-NASAL-WASH-K\u00fc\u00e7\u00fck.png 600w, https:\/\/www.sertez.com.tr\/tr\/wp-content\/uploads\/sites\/8\/2019\/09\/news-2-B\u0130OM\u0130R-NASAL-WASH-K\u00fc\u00e7\u00fck-300x207.png 300w\" sizes=\"(max-width: 600px) 100vw, 600px\" \/>\t\t\t\t\t\t\t\t<\/a>\n\t\t\t\t\t\t\t\t\t\t\t<\/div>\n\t\t\t\t<\/div>\n\t\t\t\t<\/div>\n\t\t\t\t<div class=\"elementor-element elementor-element-5c12b664 elementor-widget elementor-widget-heading\" data-id=\"5c12b664\" data-element_type=\"widget\" data-widget_type=\"heading.default\">\n\t\t\t\t<div class=\"elementor-widget-container\">\n\t\t\t<h2 class=\"elementor-heading-title elementor-size-default\">Yeni \u00dcr\u00fcn Duyurusu<\/h2>\t\t<\/div>\n\t\t\t\t<\/div>\n\t\t\t\t<div class=\"elementor-element elementor-element-14fb72cf elementor-widget elementor-widget-text-editor\" data-id=\"14fb72cf\" data-element_type=\"widget\" data-widget_type=\"text-editor.default\">\n\t\t\t\t<div class=\"elementor-widget-container\">\n\t\t\t\t\t<div class=\"elementor-text-editor elementor-clearfix\"><p>B\u0130OM\u0130R Burun Y\u0131kama, alerji ve sin\u00fcs semptomlar\u0131na kar\u015f\u0131 do\u011fal yollarla rahatlama sa\u011flar. Rahats\u0131z edici nazal ve sin\u00fcs rahats\u0131zl\u0131klar\u0131na kar\u015f\u0131 etkili rahatlama sa\u011flar.<\/p><\/div>\n\t\t\t\t<\/div>\n\t\t\t\t<\/div>\n\t\t\t\t<div class=\"elementor-element elementor-element-459e02d elementor-align-center elementor-widget elementor-widget-button\" data-id=\"459e02d\" data-element_type=\"widget\" data-widget_type=\"button.default\">\n\t\t\t\t<div class=\"elementor-widget-container\">\n\t\t\t\t\t<div class=\"elementor-button-wrapper\">\n\t\t\t<a href=\"https:\/\/www.sertez.com.tr\/tr\/haberler\/yeni-urun-duyurusu\/\" class=\"elementor-button-link elementor-button elementor-size-sm\" role=\"button\">\n\t\t\t\t\t\t<span class=\"elementor-button-content-wrapper\">\n\t\t\t\t\t\t<span class=\"elementor-button-text\">Read All<\/span>\n\t\t<\/span>\n\t\t\t\t\t<\/a>\n\t\t<\/div>\n\t\t\t\t<\/div>\n\t\t\t\t<\/div>\n\t\t\t\t\t\t<\/div>\n\t\t\t\t\t<\/div>\n\t\t<\/div>\n\t\t\t\t\t\t\t\t<\/div>\n\t\t\t\t\t<\/div>\n\t\t<\/section>\n\t\t\t\t<section class=\"elementor-section elementor-inner-section elementor-element elementor-element-37d08bc elementor-section-boxed elementor-section-height-default elementor-section-height-default\" data-id=\"37d08bc\" data-element_type=\"section\">\n\t\t\t\t\t\t<div class=\"elementor-container elementor-column-gap-no\">\n\t\t\t\t\t\t\t<div class=\"elementor-row\">\n\t\t\t\t\t<div class=\"elementor-column elementor-col-33 elementor-inner-column elementor-element elementor-element-63eb0ca\" data-id=\"63eb0ca\" data-element_type=\"column\" data-settings=\"{&quot;background_background&quot;:&quot;classic&quot;}\">\n\t\t\t<div class=\"elementor-column-wrap elementor-element-populated\">\n\t\t\t\t\t<div class=\"elementor-background-overlay\"><\/div>\n\t\t\t\t\t\t\t<div class=\"elementor-widget-wrap\">\n\t\t\t\t\t\t<div class=\"elementor-element elementor-element-01374f5 elementor-widget elementor-widget-image\" data-id=\"01374f5\" data-element_type=\"widget\" data-widget_type=\"image.default\">\n\t\t\t\t<div class=\"elementor-widget-container\">\n\t\t\t\t\t<div class=\"elementor-image\">\n\t\t\t\t\t\t\t\t\t\t\t<a href=\"https:\/\/www.sertez.com.tr\/tr\/haberler\/web-sitesi-sosyal-medya\/\">\n\t\t\t\t\t\t\t<img loading=\"lazy\" decoding=\"async\" width=\"1100\" height=\"750\" src=\"https:\/\/www.sertez.com.tr\/tr\/wp-content\/uploads\/sites\/8\/2019\/09\/logo-blue-gray.png\" class=\"attachment-full size-full\" alt=\"\" srcset=\"https:\/\/www.sertez.com.tr\/tr\/wp-content\/uploads\/sites\/8\/2019\/09\/logo-blue-gray.png 1100w, https:\/\/www.sertez.com.tr\/tr\/wp-content\/uploads\/sites\/8\/2019\/09\/logo-blue-gray-300x205.png 300w, https:\/\/www.sertez.com.tr\/tr\/wp-content\/uploads\/sites\/8\/2019\/09\/logo-blue-gray-768x524.png 768w, https:\/\/www.sertez.com.tr\/tr\/wp-content\/uploads\/sites\/8\/2019\/09\/logo-blue-gray-1024x698.png 1024w\" sizes=\"(max-width: 1100px) 100vw, 1100px\" \/>\t\t\t\t\t\t\t\t<\/a>\n\t\t\t\t\t\t\t\t\t\t\t<\/div>\n\t\t\t\t<\/div>\n\t\t\t\t<\/div>\n\t\t\t\t<div class=\"elementor-element elementor-element-871891c elementor-widget elementor-widget-heading\" data-id=\"871891c\" data-element_type=\"widget\" data-widget_type=\"heading.default\">\n\t\t\t\t<div class=\"elementor-widget-container\">\n\t\t\t<h2 class=\"elementor-heading-title elementor-size-default\">Web Sitesi & Sosyal Medya<\/h2>\t\t<\/div>\n\t\t\t\t<\/div>\n\t\t\t\t<div class=\"elementor-element elementor-element-dd5e74b elementor-widget elementor-widget-text-editor\" data-id=\"dd5e74b\" data-element_type=\"widget\" data-widget_type=\"text-editor.default\">\n\t\t\t\t<div class=\"elementor-widget-container\">\n\t\t\t\t\t<div class=\"elementor-text-editor elementor-clearfix\"><div class=\"dlab-post-text\"><div class=\"elementor-element elementor-element-5dd4c5c elementor-widget elementor-widget-text-editor\" data-id=\"5dd4c5c\" data-element_type=\"widget\" data-widget_type=\"text-editor.default\"><div class=\"elementor-widget-container\"><div class=\"elementor-text-editor elementor-clearfix\"><div class=\"dlab-post-text\"><p>SERTEZ K\u0130MYA olarak siz de\u011ferli takip\u00e7ilerimize daha iyi hizmet sunabilmek i\u00e7in Web sitemizi yeniledik. Art\u0131k bize yeni sitemiz ve sosyal medya hesaplar\u0131m\u0131z \u00fczerinden ula\u015fabilirsiniz.<\/p><\/div><\/div><\/div><\/div><\/div><\/div>\n\t\t\t\t<\/div>\n\t\t\t\t<\/div>\n\t\t\t\t<div class=\"elementor-element elementor-element-2d9396e elementor-align-center elementor-widget elementor-widget-button\" data-id=\"2d9396e\" data-element_type=\"widget\" data-widget_type=\"button.default\">\n\t\t\t\t<div class=\"elementor-widget-container\">\n\t\t\t\t\t<div class=\"elementor-button-wrapper\">\n\t\t\t<a href=\"https:\/\/www.sertez.com.tr\/tr\/haberler\/web-sitesi-sosyal-medya\/\" class=\"elementor-button-link elementor-button elementor-size-sm\" role=\"button\">\n\t\t\t\t\t\t<span class=\"elementor-button-content-wrapper\">\n\t\t\t\t\t\t<span class=\"elementor-button-text\">Read All<\/span>\n\t\t<\/span>\n\t\t\t\t\t<\/a>\n\t\t<\/div>\n\t\t\t\t<\/div>\n\t\t\t\t<\/div>\n\t\t\t\t\t\t<\/div>\n\t\t\t\t\t<\/div>\n\t\t<\/div>\n\t\t\t\t<div class=\"elementor-column elementor-col-33 elementor-inner-column elementor-element elementor-element-6b72c02\" data-id=\"6b72c02\" data-element_type=\"column\" data-settings=\"{&quot;background_background&quot;:&quot;classic&quot;}\">\n\t\t\t<div class=\"elementor-column-wrap\">\n\t\t\t\t\t<div class=\"elementor-background-overlay\"><\/div>\n\t\t\t\t\t\t\t<div class=\"elementor-widget-wrap\">\n\t\t\t\t\t\t\t\t<\/div>\n\t\t\t\t\t<\/div>\n\t\t<\/div>\n\t\t\t\t<div class=\"elementor-column elementor-col-33 elementor-inner-column elementor-element elementor-element-08a38ec\" data-id=\"08a38ec\" data-element_type=\"column\" data-settings=\"{&quot;background_background&quot;:&quot;classic&quot;}\">\n\t\t\t<div class=\"elementor-column-wrap\">\n\t\t\t\t\t<div class=\"elementor-background-overlay\"><\/div>\n\t\t\t\t\t\t\t<div class=\"elementor-widget-wrap\">\n\t\t\t\t\t\t\t\t<\/div>\n\t\t\t\t\t<\/div>\n\t\t<\/div>\n\t\t\t\t\t\t\t\t<\/div>\n\t\t\t\t\t<\/div>\n\t\t<\/section>\n\t\t\t\t\t\t<\/div>\n\t\t\t\t\t<\/div>\n\t\t<\/div>\n\t\t\t\t\t\t\t\t<\/div>\n\t\t\t\t\t<\/div>\n\t\t<\/section>\n\t\t\t\t\t\t<\/div>\n\t\t\t\t\t\t<\/div>\n\t\t\t\t\t<\/div>\n\t\t","protected":false},"excerpt":{"rendered":"<p>HABERLER En Son Haber &#038; Duyurular Beauty\u0130stanbul &#8217;19 Sertez Kimya hepsi bir arada konseptiyle d\u00fczenlenen Beauty\u0130stanbul\u2019da yerini ald\u0131!Geli\u015ftirilmi\u015f portf\u00f6y\u00fcm\u00fcz ile bizi 1h210 numaral\u0131 stand\u0131m\u0131zda ziyaret eden t\u00fcm misafirlerimize te\u015fekk\u00fcr ederiz. Tamam\u0131n\u0131 Oku ArabHealth \u201919 2018 ArabHealth Organizasyonu\u2019ndaki Uluslararas\u0131 Kat\u0131l\u0131mc\u0131lardan biri olarak, ArabHealth 19\u2019da geni\u015fletilmi\u015f ve geli\u015ftirilmi\u015f portf\u00f6y\u00fcm\u00fcz\u00fc tekrar sergiliyoruz. Read All Yeni \u00dcr\u00fcn Duyurusu B\u0130OM\u0130R [&hellip;]<\/p>\n","protected":false},"author":1,"featured_media":0,"parent":0,"menu_order":0,"comment_status":"closed","ping_status":"closed","template":"elementor_header_footer","meta":{"footnotes":""},"_links":{"self":[{"href":"https:\/\/www.sertez.com.tr\/tr\/wp-json\/wp\/v2\/pages\/1706"}],"collection":[{"href":"https:\/\/www.sertez.com.tr\/tr\/wp-json\/wp\/v2\/pages"}],"about":[{"href":"https:\/\/www.sertez.com.tr\/tr\/wp-json\/wp\/v2\/types\/page"}],"author":[{"embeddable":true,"href":"https:\/\/www.sertez.com.tr\/tr\/wp-json\/wp\/v2\/users\/1"}],"replies":[{"embeddable":true,"href":"https:\/\/www.sertez.com.tr\/tr\/wp-json\/wp\/v2\/comments?post=1706"}],"version-history":[{"count":5,"href":"https:\/\/www.sertez.com.tr\/tr\/wp-json\/wp\/v2\/pages\/1706\/revisions"}],"predecessor-version":[{"id":2653,"href":"https:\/\/www.sertez.com.tr\/tr\/wp-json\/wp\/v2\/pages\/1706\/revisions\/2653"}],"wp:attachment":[{"href":"https:\/\/www.sertez.com.tr\/tr\/wp-json\/wp\/v2\/media?parent=1706"}],"curies":[{"name":"wp","href":"https:\/\/api.w.org\/{rel}","templated":true}]}}